{"id":1718,"date":"2019-06-17T10:15:27","date_gmt":"2019-06-17T08:15:27","guid":{"rendered":"http:\/\/forumrozwojumazowsza.pl\/?page_id=1718"},"modified":"2025-11-19T15:28:25","modified_gmt":"2025-11-19T14:28:25","slug":"kontakt","status":"publish","type":"page","link":"https:\/\/forumrozwojumazowsza.pl\/index.php\/kontakt\/","title":{"rendered":"Kontakt"},"content":{"rendered":"\n<div style=\"height:122px\" aria-hidden=\"true\" class=\"wp-block-spacer\"><\/div>\n\n\n\n<p class=\"has-text-align-center\" style=\"font-size:20px\"><strong>Szukasz informacji o 15. Forum Rozwoju Mazowsza? Zapraszamy do kontaktu:<\/strong><\/p>\n\n\n\n<p class=\"has-text-align-center\">E-mail: <a href=\"forum@mazowia.eu\">forum@mazowia.eu<\/a><\/p>\n\n\n\n<p class=\"has-text-align-center\" style=\"font-size:20px\"><strong>PARTNERZY, PRELEGENCI, MEDIA<\/strong><\/p>\n\n\n\n<p class=\"has-text-align-center\">Paulina Gutowska &#8211; Jarosz, tel. 22 542 27 21<\/p>\n\n\n\n<p class=\"has-text-align-center\">Przemys\u0142aw Szyma\u0144ski,&nbsp; 22 542 21 37<\/p>\n\n\n\n<p class=\"has-text-align-center\" style=\"font-size:20px\"><strong>SPRAWY ORGANIZACYJNE:<\/strong><\/p>\n\n\n\n<p class=\"has-text-align-center\">Rados\u0142aw Bodzioch, tel. 22 542 22 74<\/p>\n\n\n\n<p class=\"has-text-align-center\">Zapraszamy te\u017c do \u015bledzenia profilu wydarzenia na <a href=\"https:\/\/www.facebook.com\/ForumRozwoju\" target=\"_blank\" rel=\"noopener\">Facebooku<\/a> i <a href=\"https:\/\/pl.linkedin.com\/showcase\/forum-rozwoju-mazowsza\/\" target=\"_blank\" rel=\"noopener\">LinkedIn<\/a><\/p>\n\n\n\n<p class=\"has-text-align-center\" style=\"font-size:20px\"><strong>Organizatorem Forum Rozwoju Mazowsza jest:<\/strong><\/p>\n\n\n<div class=\"wp-block-image\">\n<figure class=\"aligncenter\"><img loading=\"lazy\" decoding=\"async\" width=\"300\" height=\"136\" src=\"https:\/\/forumrozwojumazowsza.pl\/wp-content\/uploads\/2023\/07\/Obraz1.png\" alt=\"\" class=\"wp-image-10801\"\/><\/figure><\/div>\n\n\n<p class=\"has-text-align-center\">Mazowiecka Jednostka Wdra\u017cania Program\u00f3w Unijnych istnieje od 2007 roku. Ju\u017c od 16 lat odpowiadamy za wdra\u017canie funduszy europejskich na Mazowszu. Przez ten czas wsparli\u015bmy realizacj\u0119 ponad 13 tysi\u0119cy projekt\u00f3w samorz\u0105dowych, biznesowych, naukowych, kulturalnych, edukacyjnych i spo\u0142ecznych. Efekty dofinansowanych przez Uni\u0119 Europejsk\u0105 inwestycji widoczne s\u0105 w przestrzeniach publicznych, urz\u0119dach, szpitalach, przedszkolach, szko\u0142ach, na uczelniach, w instytucjach kultury i wielu innych miejscach. I to jest w\u0142a\u015bnie #FEnomenUE.<\/p>\n\n\n\n<p class=\"has-text-align-center\">Zapraszamy do zapoznania si\u0119 z informacjami o mo\u017cliwo\u015bciach pozyskania dofinansowania dost\u0119pnymi na stronie <a href=\"http:\/\/www.funduszeuedlamazowsza.eu\" target=\"_blank\" rel=\"noopener\">www.funduszeuedlamazowsza.eu<\/a> oraz <a href=\"http:\/\/www.mazowia.eu\" target=\"_blank\" rel=\"noopener\">www.mazowia.eu<\/a>. Zach\u0119camy r\u00f3wnie\u017c do odwiedzenia stron inicjatyw realizowanych w celu promocji efekt\u00f3w pomocy z Unii Europejskiej: <a href=\"http:\/\/www.liderzmian.eu\" target=\"_blank\" rel=\"noopener\">www.liderzmian.eu<\/a> (konkurs Lider Zmian) oraz <a href=\"http:\/\/www.funduszenamazowszu.eu\" target=\"_blank\" rel=\"noopener\">www.funduszenamazowszu.eu<\/a> (Magazyn Fundusze Europejskie na Mazowszu).<\/p>\n\n\n\n<p class=\"has-text-align-center\">Wszystkie aktualno\u015bci dost\u0119pne s\u0105 r\u00f3wnie\u017c w mediach spo\u0142eczno\u015bciowych. Znajdziecie nas w serwisach <a href=\"https:\/\/www.facebook.com\/MJWPU\" target=\"_blank\" rel=\"noopener\">Facebook<\/a>, <a href=\"https:\/\/twitter.com\/mjwpu\" target=\"_blank\" rel=\"noopener\">Twitter<\/a>, <a href=\"https:\/\/pl.linkedin.com\/company\/mjwpu\" target=\"_blank\" rel=\"noopener\">LinkedIn<\/a>, <a href=\"https:\/\/www.youtube.com\/user\/MJWPUTUBE\" target=\"_blank\" rel=\"noopener\">YouTube<\/a>, <a href=\"https:\/\/www.instagram.com\/fundusze_dla_mazowsza\/\" target=\"_blank\" rel=\"noopener\">Instagram<\/a> oraz <a href=\"https:\/\/pl.pinterest.com\/funduszeeuropejskiedlamazowsza\/\" target=\"_blank\" rel=\"noopener\">Pinterest<\/a>.<\/p>\n\n\n\n<p class=\"has-text-align-center\"><strong>&nbsp;Mazowiecka Jednostka Wdra\u017cania Program\u00f3w Unijnych<\/strong><\/p>\n\n\n\n<p class=\"has-text-align-center\"><strong>Inflancka 4, 00-189 Warszawa<\/strong><\/p>\n\n\n\n<p><\/p>\n","protected":false},"excerpt":{"rendered":"<p>Szukasz informacji o 15. Forum Rozwoju Mazowsza? Zapraszamy do kontaktu: E-mail: forum@mazowia.eu PARTNERZY, PRELEGENCI, MEDIA Paulina Gutowska &#8211; Jarosz, tel. 22 542 27 21 Przemys\u0142aw Szyma\u0144ski,&nbsp; 22 542 21 37 SPRAWY ORGANIZACYJNE: Rados\u0142aw Bodzioch, tel. 22 542 22 74 Zapraszamy te\u017c do \u015bledzenia profilu wydarzenia na Facebooku i LinkedIn Organizatorem Forum Rozwoju Mazowsza jest: Mazowiecka [&hellip;]<\/p>\n","protected":false},"author":6,"featured_media":0,"parent":0,"menu_order":79,"comment_status":"closed","ping_status":"closed","template":"index.php","meta":{"_acf_changed":false,"ngg_post_thumbnail":0,"footnotes":""},"class_list":["post-1718","page","type-page","status-publish","hentry"],"acf":[],"_links":{"self":[{"href":"https:\/\/forumrozwojumazowsza.pl\/index.php\/wp-json\/wp\/v2\/pages\/1718","targetHints":{"allow":["GET"]}}],"collection":[{"href":"https:\/\/forumrozwojumazowsza.pl\/index.php\/wp-json\/wp\/v2\/pages"}],"about":[{"href":"https:\/\/forumrozwojumazowsza.pl\/index.php\/wp-json\/wp\/v2\/types\/page"}],"author":[{"embeddable":true,"href":"https:\/\/forumrozwojumazowsza.pl\/index.php\/wp-json\/wp\/v2\/users\/6"}],"replies":[{"embeddable":true,"href":"https:\/\/forumrozwojumazowsza.pl\/index.php\/wp-json\/wp\/v2\/comments?post=1718"}],"version-history":[{"count":63,"href":"https:\/\/forumrozwojumazowsza.pl\/index.php\/wp-json\/wp\/v2\/pages\/1718\/revisions"}],"predecessor-version":[{"id":15353,"href":"https:\/\/forumrozwojumazowsza.pl\/index.php\/wp-json\/wp\/v2\/pages\/1718\/revisions\/15353"}],"wp:attachment":[{"href":"https:\/\/forumrozwojumazowsza.pl\/index.php\/wp-json\/wp\/v2\/media?parent=1718"}],"curies":[{"name":"wp","href":"https:\/\/api.w.org\/{rel}","templated":true}]}}