{"id":15256,"date":"2025-11-19T10:18:34","date_gmt":"2025-11-19T09:18:34","guid":{"rendered":"https:\/\/forumrozwojumazowsza.pl\/?page_id=15256"},"modified":"2025-11-19T15:41:06","modified_gmt":"2025-11-19T14:41:06","slug":"8-forum-rozwoju-mazowsza","status":"publish","type":"page","link":"https:\/\/forumrozwojumazowsza.pl\/index.php\/poprzednie-edycje-3\/8-forum-rozwoju-mazowsza\/","title":{"rendered":"8. Forum Rozwoju Mazowsza"},"content":{"rendered":"\n<div class=\"wp-block-custom-poprzednie-block poprzednie--single\"><ul><li class=\"aniImg mb-2 p-0 fadeIn\"><div class=\"row\"><div class=\"col-sm-12 col-12\"><div><p><strong>Od temat&oacute;w najbli\u017cszych mieszka\u0144com, po rozw&oacute;j biznesu i ca\u0142ego regionu. O tym dyskutowano podczas 8. Forum Rozwoju Mazowsza organizowanego przez Mazowieck\u0105 Jednostk\u0119 Wdra\u017cania Program&oacute;w Unijnych w dniach 25-26 pa\u017adziernika na Stadionie Legii w Warszawie. Wydarzenie wsp&oacute;\u0142tworzy\u0142o ponad&nbsp;80 prelegent&oacute;w&nbsp;i przesz\u0142o 60 wystawc&oacute;w reprezentuj\u0105cych samorz\u0105dy, biznes, sektor naukowy i pozarz\u0105dowy. By\u0142y to dwa dni pe\u0142ne wymiany wiedzy, do\u015bwiadcze\u0144 i inspiracji do realizacji projekt&oacute;w miejskich, biznesowych i edukacyjno-spo\u0142ecznych. W forum uczestniczy\u0142o 2 tys. os&oacute;b na miejscu oraz w ramach transmisji na \u017cywo. Wydarzenie odby\u0142o si\u0119 pod honorowym patronatem Marsza\u0142ka Wojew&oacute;dztwa Mazowieckiego, Ministerstwa Cyfryzacji i Ministerstwa Rozwoju.<\/strong><\/p><\/div><\/div><\/div><\/li><li class=\"aniImg mb-2 p-0 fadeIn\"><div class=\"row\"><div class=\"col col-lg-6 col-md-6 col-sm-12 col-12 poprzednie__tresc\"><div><p>W dniach 25-26 pa\u017adziernika odby\u0142a si\u0119 ju\u017c &oacute;sma edycja Forum Rozwoju Mazowsza, kt&oacute;re co roku skupia przedstawicieli samorz\u0105d&oacute;w, biznesu, sektora naukowego i pozarz\u0105dowego. Ide\u0105 wydarzenia jest dzielenie si\u0119 wiedz\u0105 i do\u015bwiadczeniami w zakresie realizacji projekt&oacute;w, zw\u0142aszcza z unijnym dofinansowaniem. Forum to nie tylko trendy i kierunki rozwoju, ale przede wszystkim przyk\u0142ady dobrych praktyk i praktycznych rozwi\u0105za\u0144 mo\u017cliwych do wykorzystania w codziennej pracy. Jest to te\u017c jedno z niewielu miejsc spotka\u0144 i rozm&oacute;w z wyj\u0105tkowymi osobami z r&oacute;\u017cnych \u015brodowisk. W tym roku nie mog\u0142o by\u0107 inaczej.<\/p>\n<p><em>Forum to jest dyskusja wszystkich ze wszystkimi o wszystkim, o ca\u0142o\u015bci funduszy unijnych. To dyskusja beneficjent&oacute;w, z instytucjami wdra\u017caj\u0105cymi i zarz\u0105dzaj\u0105cymi funduszami unijnymi<\/em>&nbsp;<em>&ndash;&nbsp;<\/em>powiedzia\u0142 podczas uroczystego otwarcia Wies\u0142aw Raboszuk Wicemarsza\u0142ek Wojew&oacute;dztwa Mazowieckiego.<\/p>\n<p><em>Jednym z g\u0142&oacute;wnych narz\u0119dzi transformacji wsp&oacute;lnot lokalnych, samorz\u0105d&oacute;w regionalnych, wsp&oacute;lnot miejskich, tak\u017ce wsp&oacute;lnot wiejskich, jest to w co r&oacute;wnie\u017c Mazowsze w ubieg\u0142ych latach najwi\u0119cej zainwestowa\u0142o, czyli szerokopasmowa sie\u0107 telekomunikacyjna i technologie ICT. Nie tylko sie\u0107, ale r&oacute;wnie\u017c systemy informatyczne kt&oacute;re organizuj\u0105 nasze \u017cycie. Pocz\u0105wszy od zagospodarowania przestrzennego, sko\u0144czywszy na zdrowiu. To s\u0105 inwestycje niezwykle przysz\u0142o\u015bciowe, kt&oacute;re otwieraj\u0105 nam bram\u0119 do znacznie wygodniejszego \u017cycia &ndash;&nbsp;<\/em>powiedzia\u0142a Anna Stre\u017cy\u0144ska Minister Cyfryzacji.<\/p><\/div><\/div><div class=\"col col-lg-6 poprzednie__foto\"><img decoding=\"async\" src=\"https:\/\/forumrozwojumazowsza.pl\/wp-content\/uploads\/2023\/06\/8_Forum-3.jpg\" class=\"img-fluid\"\/><\/div><\/div><\/li><li class=\"aniImg mb-2 p-0 fadeIn\"><div class=\"row\"><div class=\"col col-lg-6 col-md-6 col-sm-12 col-12 poprzednie__tresc\"><div><p>Fundusze unijne dla Mazowsza pochodz\u0105 g\u0142&oacute;wnie z Regionalnego Programu Operacyjnego Wojew&oacute;dztwa Mazowieckiego. Za wydatkowanie \u015brodk&oacute;w odpowiada Mazowiecka Jednostka Wdra\u017cania Program&oacute;w Unijnych oraz Wojew&oacute;dzki Urz\u0105d Pracy w Warszawie.<\/p>\n<p><em>Przez 10 lat funkcjonowania przyznali\u015bmy ponad 9 tys. dotacji i pomogli\u015bmy rozdysponowa\u0107 przesz\u0142o 14 mld z\u0142 funduszy b\u0119d\u0105cych wsparciem dla administracji, biznesu oraz sektora pozarz\u0105dowego&nbsp;<\/em>&ndash; powiedzia\u0142 Mariusz Frankowski Dyrektor Mazowieckiej Jednostki Wdra\u017cania Program&oacute;w Unijnych &ndash;&nbsp;<em>Mamy \u015bwiadomo\u015b\u0107, \u017ce formalno\u015bci s\u0105 cz\u0119sto bardzo skomplikowane, \u017ce procedury unijne i sprawozdawczo\u015b\u0107 przyprawiaj\u0105 o zawr&oacute;t g\u0142owy, ale warto si\u0119ga\u0107 po fundusze unijne dost\u0119pne w obecnym okresie programowania.<\/em><\/p><\/div><\/div><div class=\"col col-lg-6 poprzednie__foto\"><img decoding=\"async\" src=\"https:\/\/forumrozwojumazowsza.pl\/wp-content\/uploads\/2023\/06\/8_Forum-9.jpg\" class=\"img-fluid\"\/><\/div><\/div><\/li><li class=\"aniImg mb-2 p-0 fadeIn\"><div class=\"row\"><div class=\"col col-lg-6 col-md-6 col-sm-12 col-12 poprzednie__tresc\"><div><p><strong>2 dni pe\u0142ne inspiracji i wymiany do\u015bwiadcze\u0144<\/strong><\/p>\n<p>Podczas dw&oacute;ch dni 8. Forum Rozwoju Mazowsza przedstawiciele administracji rz\u0105dowej, samorz\u0105dowej i biznesu dyskutowali o integrowaniu us\u0142ug dla mieszka\u0144c&oacute;w, wsp&oacute;\u0142pracy z wykonawcami prac podczas realizacji inwestycji miejskich, a tak\u017ce wspieraniu powstawania i rozwoju firm. W gronie ekspert&oacute;w byli m.in. Anna Stre\u017cy\u0144ska Minister Cyfryzacji, Wies\u0142aw Raboszuk Wicemarsza\u0142ek Wojew&oacute;dztwa Mazowieckiego, Micha\u0142 Olszewski Zast\u0119pca Prezydenta m.st. Warszawy, Jacek Terebus Zast\u0119pca Prezydenta Miasta P\u0142ocka ds. Rozwoju i Inwestycji, Konrad Frysztak Zast\u0119pca Prezydenta Miasta Radom, Krzysztof Kosi\u0144ski Prezydent Ciechanowa, Pawe\u0142 Szaci\u0142\u0142o Dyrektor Departamentu Partnerstwa Publiczno-Prywatnego w Ministerstwie Rozwoju, Krzysztof Dyl Zast\u0119pca Prezesa Urz\u0119du Komunikacji Elektronicznej, Andrzej Dopiera\u0142a Prezes Zarz\u0105du Asseco Data Systems i Stefan Kami\u0144ski Prezes Zarz\u0105du Krajowej Izby Gospodarczej Elektroniki i Telekomunikacji.<\/p><\/div><\/div><div class=\"col col-lg-6 poprzednie__foto\"><img decoding=\"async\" src=\"https:\/\/forumrozwojumazowsza.pl\/wp-content\/uploads\/2023\/06\/8_Forum-6.jpg\" class=\"img-fluid\"\/><\/div><\/div><\/li><li class=\"aniImg mb-2 p-0 fadeIn\"><div class=\"row\"><div class=\"col-sm-12 col-12\"><div><p>Do przedsi\u0119biorc&oacute;w skierowane by\u0142y debaty i prezentacje pozwalaj\u0105ce na zg\u0142\u0119bienie tajnik&oacute;w rozwoju biznesu. Dyskutowano o tym, czy mo\u017cna zajmowa\u0107 si\u0119 innowacjami bez strategii i jakie s\u0105 elementy wp\u0142ywaj\u0105ce na transfer efekt&oacute;w prac B+R na rynek. Uczestnicy dowiedzieli si\u0119, gdzie szuka\u0107 finansowania innowacyjnych projekt&oacute;w, a tak\u017ce jak wspiera\u0107 wsp&oacute;\u0142prac\u0119 mi\u0119dzy firmami z sektora M\u015aP i korporacjami, jak i wsp&oacute;\u0142prac\u0119 sieciow\u0105 na rzecz ekosystem&oacute;w innowacji terytorialnej. Swoimi do\u015bwiadczeniami z uczestnikami Forum podzielili si\u0119 m.in. Zygmunt Krasi\u0144ski Dyrektor Krajowego Punktu Kontaktowego Program&oacute;w Badawczych UE, Bartosz Sokoli\u0144ski Dyrektor Biura Rozwoju i Innowacji Agencji Rozwoju Przemys\u0142u, Mariusz Frankowski Dyrektor Mazowieckiej Jednostki Wdra\u017cania Program&oacute;w Unijnych, Maciej Szota Dyrektor Departamentu Innowacji i Rozwoju Biznesu PGNiG S.A. Micha\u0142 R&oacute;j Samsung R&amp;D Institute i Hubert Lewi\u0144ski Kierownik Departamentu Rozwoju Startup&oacute;w Polska Agencja Rozwoju Przedsi\u0119biorczo\u015bci.<\/p>\n<p>Rozw&oacute;j regionu nie jest mo\u017cliwy, bez rozwoju kapita\u0142u ludzkiego i spo\u0142ecznego. Dlatego wa\u017cnymi punktami w programie by\u0142y dyskusje o \u0142\u0105czeniu edukacji z rynkiem pracy i zwi\u0119kszaniu jako\u015bci \u017cycia mieszka\u0144c&oacute;w. Nie zabrak\u0142o te\u017c aspektu animowania spo\u0142eczno\u015bci lokalnych. W debatach wzi\u0119li udzia\u0142 m.in. Jaros\u0142aw G\u0142owacki Zast\u0119pca Prezydenta Miasta Siedlce, El\u017cbieta G\u0105siorowska Wiceprezes Zarz\u0105du P\u0142ockiego Parku Przemys\u0142owo-Technologicznego, Artur Andrysiak Cz\u0142onek Zarz\u0105du Agencji Rozwoju Mazowsza, Joanna \u015arednicka Dyrektor Zarz\u0105dzaj\u0105ca w Pracowni Gier Szkoleniowych, Magdalena Klaus Fundacja Inicjatyw Spo\u0142eczno-Ekonomicznych, Pawe\u0142 Jordan Prezes Stowarzyszania BORIS, Artur Pozorek&nbsp; Dyrektor Mazowieckiego Centrum Polityki Spo\u0142ecznej i Edyta Markiewicz-Brzozowska Dyrektor Konstanci\u0144skiego Domu Kultury.<\/p><\/div><\/div><\/div><\/li><\/ul><\/div>\n\n\n\n<figure class=\"wp-block-gallery has-nested-images columns-6 is-cropped wp-block-gallery-1 is-layout-flex wp-block-gallery-is-layout-flex\">\n<figure class=\"wp-block-image size-large\"><img loading=\"lazy\" decoding=\"async\" width=\"1024\" height=\"566\" data-id=\"10680\" src=\"https:\/\/forumrozwojumazowsza.pl\/wp-content\/uploads\/2023\/06\/8_Forum-18-1024x566.jpg\" alt=\"\" class=\"wp-image-10680\" srcset=\"https:\/\/forumrozwojumazowsza.pl\/wp-content\/uploads\/2023\/06\/8_Forum-18-1024x566.jpg 1024w, https:\/\/forumrozwojumazowsza.pl\/wp-content\/uploads\/2023\/06\/8_Forum-18-300x166.jpg 300w, https:\/\/forumrozwojumazowsza.pl\/wp-content\/uploads\/2023\/06\/8_Forum-18-768x425.jpg 768w, https:\/\/forumrozwojumazowsza.pl\/wp-content\/uploads\/2023\/06\/8_Forum-18-1536x849.jpg 1536w, https:\/\/forumrozwojumazowsza.pl\/wp-content\/uploads\/2023\/06\/8_Forum-18.jpg 2048w\" sizes=\"auto, (max-width: 1024px) 100vw, 1024px\" \/><\/figure>\n\n\n\n<figure class=\"wp-block-image size-large\"><img loading=\"lazy\" decoding=\"async\" width=\"1024\" height=\"691\" data-id=\"10684\" src=\"https:\/\/forumrozwojumazowsza.pl\/wp-content\/uploads\/2023\/06\/8_Forum-2-1024x691.jpg\" alt=\"\" class=\"wp-image-10684\" srcset=\"https:\/\/forumrozwojumazowsza.pl\/wp-content\/uploads\/2023\/06\/8_Forum-2-1024x691.jpg 1024w, https:\/\/forumrozwojumazowsza.pl\/wp-content\/uploads\/2023\/06\/8_Forum-2-300x202.jpg 300w, https:\/\/forumrozwojumazowsza.pl\/wp-content\/uploads\/2023\/06\/8_Forum-2-768x518.jpg 768w, https:\/\/forumrozwojumazowsza.pl\/wp-content\/uploads\/2023\/06\/8_Forum-2-1536x1037.jpg 1536w, https:\/\/forumrozwojumazowsza.pl\/wp-content\/uploads\/2023\/06\/8_Forum-2.jpg 2048w\" sizes=\"auto, (max-width: 1024px) 100vw, 1024px\" \/><\/figure>\n\n\n\n<figure class=\"wp-block-image size-large\"><img loading=\"lazy\" decoding=\"async\" width=\"1024\" height=\"683\" data-id=\"10686\" src=\"https:\/\/forumrozwojumazowsza.pl\/wp-content\/uploads\/2023\/06\/8_Forum-3-1024x683.jpg\" alt=\"\" class=\"wp-image-10686\" srcset=\"https:\/\/forumrozwojumazowsza.pl\/wp-content\/uploads\/2023\/06\/8_Forum-3-1024x683.jpg 1024w, https:\/\/forumrozwojumazowsza.pl\/wp-content\/uploads\/2023\/06\/8_Forum-3-300x200.jpg 300w, https:\/\/forumrozwojumazowsza.pl\/wp-content\/uploads\/2023\/06\/8_Forum-3-768x512.jpg 768w, https:\/\/forumrozwojumazowsza.pl\/wp-content\/uploads\/2023\/06\/8_Forum-3-1536x1025.jpg 1536w, https:\/\/forumrozwojumazowsza.pl\/wp-content\/uploads\/2023\/06\/8_Forum-3.jpg 2048w\" sizes=\"auto, (max-width: 1024px) 100vw, 1024px\" \/><\/figure>\n\n\n\n<figure class=\"wp-block-image size-large\"><img loading=\"lazy\" decoding=\"async\" width=\"1024\" height=\"683\" data-id=\"10688\" src=\"https:\/\/forumrozwojumazowsza.pl\/wp-content\/uploads\/2023\/06\/8_Forum-4-1024x683.jpg\" alt=\"\" class=\"wp-image-10688\" srcset=\"https:\/\/forumrozwojumazowsza.pl\/wp-content\/uploads\/2023\/06\/8_Forum-4-1024x683.jpg 1024w, https:\/\/forumrozwojumazowsza.pl\/wp-content\/uploads\/2023\/06\/8_Forum-4-300x200.jpg 300w, https:\/\/forumrozwojumazowsza.pl\/wp-content\/uploads\/2023\/06\/8_Forum-4-768x512.jpg 768w, https:\/\/forumrozwojumazowsza.pl\/wp-content\/uploads\/2023\/06\/8_Forum-4-1536x1025.jpg 1536w, https:\/\/forumrozwojumazowsza.pl\/wp-content\/uploads\/2023\/06\/8_Forum-4.jpg 2048w\" sizes=\"auto, (max-width: 1024px) 100vw, 1024px\" \/><\/figure>\n\n\n\n<figure class=\"wp-block-image size-large\"><img loading=\"lazy\" decoding=\"async\" width=\"1024\" height=\"545\" data-id=\"10690\" src=\"https:\/\/forumrozwojumazowsza.pl\/wp-content\/uploads\/2023\/06\/8_Forum-5-1024x545.jpg\" alt=\"\" class=\"wp-image-10690\" srcset=\"https:\/\/forumrozwojumazowsza.pl\/wp-content\/uploads\/2023\/06\/8_Forum-5-1024x545.jpg 1024w, https:\/\/forumrozwojumazowsza.pl\/wp-content\/uploads\/2023\/06\/8_Forum-5-300x160.jpg 300w, https:\/\/forumrozwojumazowsza.pl\/wp-content\/uploads\/2023\/06\/8_Forum-5-768x409.jpg 768w, https:\/\/forumrozwojumazowsza.pl\/wp-content\/uploads\/2023\/06\/8_Forum-5-1536x818.jpg 1536w, https:\/\/forumrozwojumazowsza.pl\/wp-content\/uploads\/2023\/06\/8_Forum-5.jpg 2048w\" sizes=\"auto, (max-width: 1024px) 100vw, 1024px\" \/><\/figure>\n\n\n\n<figure class=\"wp-block-image size-large\"><img loading=\"lazy\" decoding=\"async\" width=\"1024\" height=\"570\" data-id=\"10692\" src=\"https:\/\/forumrozwojumazowsza.pl\/wp-content\/uploads\/2023\/06\/8_Forum-6-1024x570.jpg\" alt=\"\" class=\"wp-image-10692\" srcset=\"https:\/\/forumrozwojumazowsza.pl\/wp-content\/uploads\/2023\/06\/8_Forum-6-1024x570.jpg 1024w, https:\/\/forumrozwojumazowsza.pl\/wp-content\/uploads\/2023\/06\/8_Forum-6-300x167.jpg 300w, https:\/\/forumrozwojumazowsza.pl\/wp-content\/uploads\/2023\/06\/8_Forum-6-768x428.jpg 768w, https:\/\/forumrozwojumazowsza.pl\/wp-content\/uploads\/2023\/06\/8_Forum-6-1536x855.jpg 1536w, https:\/\/forumrozwojumazowsza.pl\/wp-content\/uploads\/2023\/06\/8_Forum-6.jpg 2048w\" sizes=\"auto, (max-width: 1024px) 100vw, 1024px\" \/><\/figure>\n\n\n\n<figure class=\"wp-block-image size-large\"><img loading=\"lazy\" decoding=\"async\" width=\"1024\" height=\"549\" data-id=\"10694\" src=\"https:\/\/forumrozwojumazowsza.pl\/wp-content\/uploads\/2023\/06\/8_Forum-7-1024x549.jpg\" alt=\"\" class=\"wp-image-10694\" srcset=\"https:\/\/forumrozwojumazowsza.pl\/wp-content\/uploads\/2023\/06\/8_Forum-7-1024x549.jpg 1024w, https:\/\/forumrozwojumazowsza.pl\/wp-content\/uploads\/2023\/06\/8_Forum-7-300x161.jpg 300w, https:\/\/forumrozwojumazowsza.pl\/wp-content\/uploads\/2023\/06\/8_Forum-7-768x412.jpg 768w, https:\/\/forumrozwojumazowsza.pl\/wp-content\/uploads\/2023\/06\/8_Forum-7-1536x824.jpg 1536w, https:\/\/forumrozwojumazowsza.pl\/wp-content\/uploads\/2023\/06\/8_Forum-7.jpg 2048w\" sizes=\"auto, (max-width: 1024px) 100vw, 1024px\" \/><\/figure>\n\n\n\n<figure class=\"wp-block-image size-large\"><img loading=\"lazy\" decoding=\"async\" width=\"1024\" height=\"605\" data-id=\"10696\" src=\"https:\/\/forumrozwojumazowsza.pl\/wp-content\/uploads\/2023\/06\/8_Forum-8-1024x605.jpg\" alt=\"\" class=\"wp-image-10696\" srcset=\"https:\/\/forumrozwojumazowsza.pl\/wp-content\/uploads\/2023\/06\/8_Forum-8-1024x605.jpg 1024w, https:\/\/forumrozwojumazowsza.pl\/wp-content\/uploads\/2023\/06\/8_Forum-8-300x177.jpg 300w, https:\/\/forumrozwojumazowsza.pl\/wp-content\/uploads\/2023\/06\/8_Forum-8-768x454.jpg 768w, https:\/\/forumrozwojumazowsza.pl\/wp-content\/uploads\/2023\/06\/8_Forum-8-1536x908.jpg 1536w, https:\/\/forumrozwojumazowsza.pl\/wp-content\/uploads\/2023\/06\/8_Forum-8.jpg 2048w\" sizes=\"auto, (max-width: 1024px) 100vw, 1024px\" \/><\/figure>\n\n\n\n<figure class=\"wp-block-image size-large\"><img loading=\"lazy\" decoding=\"async\" width=\"1024\" height=\"682\" data-id=\"10698\" src=\"https:\/\/forumrozwojumazowsza.pl\/wp-content\/uploads\/2023\/06\/8_Forum-9-1024x682.jpg\" alt=\"\" class=\"wp-image-10698\" srcset=\"https:\/\/forumrozwojumazowsza.pl\/wp-content\/uploads\/2023\/06\/8_Forum-9-1024x682.jpg 1024w, https:\/\/forumrozwojumazowsza.pl\/wp-content\/uploads\/2023\/06\/8_Forum-9-300x200.jpg 300w, https:\/\/forumrozwojumazowsza.pl\/wp-content\/uploads\/2023\/06\/8_Forum-9-768x512.jpg 768w, https:\/\/forumrozwojumazowsza.pl\/wp-content\/uploads\/2023\/06\/8_Forum-9-1536x1023.jpg 1536w, https:\/\/forumrozwojumazowsza.pl\/wp-content\/uploads\/2023\/06\/8_Forum-9.jpg 2048w\" sizes=\"auto, (max-width: 1024px) 100vw, 1024px\" \/><\/figure>\n\n\n\n<figure class=\"wp-block-image size-large\"><img loading=\"lazy\" decoding=\"async\" width=\"1024\" height=\"654\" data-id=\"10700\" src=\"https:\/\/forumrozwojumazowsza.pl\/wp-content\/uploads\/2023\/06\/8_Forum-10-1024x654.jpg\" alt=\"\" class=\"wp-image-10700\" srcset=\"https:\/\/forumrozwojumazowsza.pl\/wp-content\/uploads\/2023\/06\/8_Forum-10-1024x654.jpg 1024w, https:\/\/forumrozwojumazowsza.pl\/wp-content\/uploads\/2023\/06\/8_Forum-10-300x192.jpg 300w, https:\/\/forumrozwojumazowsza.pl\/wp-content\/uploads\/2023\/06\/8_Forum-10-768x491.jpg 768w, https:\/\/forumrozwojumazowsza.pl\/wp-content\/uploads\/2023\/06\/8_Forum-10-1536x981.jpg 1536w, https:\/\/forumrozwojumazowsza.pl\/wp-content\/uploads\/2023\/06\/8_Forum-10.jpg 2048w\" sizes=\"auto, (max-width: 1024px) 100vw, 1024px\" \/><\/figure>\n\n\n\n<figure class=\"wp-block-image size-large\"><img loading=\"lazy\" decoding=\"async\" width=\"1024\" height=\"682\" data-id=\"10702\" src=\"https:\/\/forumrozwojumazowsza.pl\/wp-content\/uploads\/2023\/06\/8_Forum-11-1024x682.jpg\" alt=\"\" class=\"wp-image-10702\" srcset=\"https:\/\/forumrozwojumazowsza.pl\/wp-content\/uploads\/2023\/06\/8_Forum-11-1024x682.jpg 1024w, https:\/\/forumrozwojumazowsza.pl\/wp-content\/uploads\/2023\/06\/8_Forum-11-300x200.jpg 300w, https:\/\/forumrozwojumazowsza.pl\/wp-content\/uploads\/2023\/06\/8_Forum-11-768x512.jpg 768w, https:\/\/forumrozwojumazowsza.pl\/wp-content\/uploads\/2023\/06\/8_Forum-11-1536x1023.jpg 1536w, https:\/\/forumrozwojumazowsza.pl\/wp-content\/uploads\/2023\/06\/8_Forum-11.jpg 2048w\" sizes=\"auto, (max-width: 1024px) 100vw, 1024px\" \/><\/figure>\n\n\n\n<figure class=\"wp-block-image size-large\"><img loading=\"lazy\" decoding=\"async\" width=\"1024\" height=\"682\" data-id=\"10704\" src=\"https:\/\/forumrozwojumazowsza.pl\/wp-content\/uploads\/2023\/06\/8_Forum-12-1024x682.jpg\" alt=\"\" class=\"wp-image-10704\" srcset=\"https:\/\/forumrozwojumazowsza.pl\/wp-content\/uploads\/2023\/06\/8_Forum-12-1024x682.jpg 1024w, https:\/\/forumrozwojumazowsza.pl\/wp-content\/uploads\/2023\/06\/8_Forum-12-300x200.jpg 300w, https:\/\/forumrozwojumazowsza.pl\/wp-content\/uploads\/2023\/06\/8_Forum-12-768x512.jpg 768w, https:\/\/forumrozwojumazowsza.pl\/wp-content\/uploads\/2023\/06\/8_Forum-12-1536x1023.jpg 1536w, https:\/\/forumrozwojumazowsza.pl\/wp-content\/uploads\/2023\/06\/8_Forum-12.jpg 2048w\" sizes=\"auto, (max-width: 1024px) 100vw, 1024px\" \/><\/figure>\n\n\n\n<figure class=\"wp-block-image size-large\"><img loading=\"lazy\" decoding=\"async\" width=\"1024\" height=\"659\" data-id=\"10706\" src=\"https:\/\/forumrozwojumazowsza.pl\/wp-content\/uploads\/2023\/06\/8_Forum-13-1024x659.jpg\" alt=\"\" class=\"wp-image-10706\" srcset=\"https:\/\/forumrozwojumazowsza.pl\/wp-content\/uploads\/2023\/06\/8_Forum-13-1024x659.jpg 1024w, https:\/\/forumrozwojumazowsza.pl\/wp-content\/uploads\/2023\/06\/8_Forum-13-300x193.jpg 300w, https:\/\/forumrozwojumazowsza.pl\/wp-content\/uploads\/2023\/06\/8_Forum-13-768x494.jpg 768w, https:\/\/forumrozwojumazowsza.pl\/wp-content\/uploads\/2023\/06\/8_Forum-13-1536x989.jpg 1536w, https:\/\/forumrozwojumazowsza.pl\/wp-content\/uploads\/2023\/06\/8_Forum-13.jpg 2048w\" sizes=\"auto, (max-width: 1024px) 100vw, 1024px\" \/><\/figure>\n\n\n\n<figure class=\"wp-block-image size-large\"><img loading=\"lazy\" decoding=\"async\" width=\"933\" height=\"1024\" data-id=\"10708\" src=\"https:\/\/forumrozwojumazowsza.pl\/wp-content\/uploads\/2023\/06\/8_Forum-14-933x1024.jpg\" alt=\"\" class=\"wp-image-10708\" srcset=\"https:\/\/forumrozwojumazowsza.pl\/wp-content\/uploads\/2023\/06\/8_Forum-14-933x1024.jpg 933w, https:\/\/forumrozwojumazowsza.pl\/wp-content\/uploads\/2023\/06\/8_Forum-14-273x300.jpg 273w, https:\/\/forumrozwojumazowsza.pl\/wp-content\/uploads\/2023\/06\/8_Forum-14-768x843.jpg 768w, https:\/\/forumrozwojumazowsza.pl\/wp-content\/uploads\/2023\/06\/8_Forum-14-1400x1536.jpg 1400w, https:\/\/forumrozwojumazowsza.pl\/wp-content\/uploads\/2023\/06\/8_Forum-14.jpg 1866w\" sizes=\"auto, (max-width: 933px) 100vw, 933px\" \/><\/figure>\n\n\n\n<figure class=\"wp-block-image size-large\"><img loading=\"lazy\" decoding=\"async\" width=\"1024\" height=\"681\" data-id=\"10710\" src=\"https:\/\/forumrozwojumazowsza.pl\/wp-content\/uploads\/2023\/06\/8_Forum-15-1024x681.jpg\" alt=\"\" class=\"wp-image-10710\" srcset=\"https:\/\/forumrozwojumazowsza.pl\/wp-content\/uploads\/2023\/06\/8_Forum-15-1024x681.jpg 1024w, https:\/\/forumrozwojumazowsza.pl\/wp-content\/uploads\/2023\/06\/8_Forum-15-300x200.jpg 300w, https:\/\/forumrozwojumazowsza.pl\/wp-content\/uploads\/2023\/06\/8_Forum-15-768x511.jpg 768w, https:\/\/forumrozwojumazowsza.pl\/wp-content\/uploads\/2023\/06\/8_Forum-15-1536x1022.jpg 1536w, https:\/\/forumrozwojumazowsza.pl\/wp-content\/uploads\/2023\/06\/8_Forum-15.jpg 2048w\" sizes=\"auto, (max-width: 1024px) 100vw, 1024px\" \/><\/figure>\n\n\n\n<figure class=\"wp-block-image size-large\"><img loading=\"lazy\" decoding=\"async\" width=\"1024\" height=\"714\" data-id=\"10712\" src=\"https:\/\/forumrozwojumazowsza.pl\/wp-content\/uploads\/2023\/06\/8_Forum-16-1024x714.jpg\" alt=\"\" class=\"wp-image-10712\" srcset=\"https:\/\/forumrozwojumazowsza.pl\/wp-content\/uploads\/2023\/06\/8_Forum-16-1024x714.jpg 1024w, https:\/\/forumrozwojumazowsza.pl\/wp-content\/uploads\/2023\/06\/8_Forum-16-300x209.jpg 300w, https:\/\/forumrozwojumazowsza.pl\/wp-content\/uploads\/2023\/06\/8_Forum-16-768x536.jpg 768w, https:\/\/forumrozwojumazowsza.pl\/wp-content\/uploads\/2023\/06\/8_Forum-16-1536x1071.jpg 1536w, https:\/\/forumrozwojumazowsza.pl\/wp-content\/uploads\/2023\/06\/8_Forum-16.jpg 2048w\" sizes=\"auto, (max-width: 1024px) 100vw, 1024px\" \/><\/figure>\n\n\n\n<figure class=\"wp-block-image size-large\"><img loading=\"lazy\" decoding=\"async\" width=\"1024\" height=\"682\" data-id=\"10714\" src=\"https:\/\/forumrozwojumazowsza.pl\/wp-content\/uploads\/2023\/06\/8_Forum-17-1024x682.jpg\" alt=\"\" class=\"wp-image-10714\" srcset=\"https:\/\/forumrozwojumazowsza.pl\/wp-content\/uploads\/2023\/06\/8_Forum-17-1024x682.jpg 1024w, https:\/\/forumrozwojumazowsza.pl\/wp-content\/uploads\/2023\/06\/8_Forum-17-300x200.jpg 300w, https:\/\/forumrozwojumazowsza.pl\/wp-content\/uploads\/2023\/06\/8_Forum-17-768x512.jpg 768w, https:\/\/forumrozwojumazowsza.pl\/wp-content\/uploads\/2023\/06\/8_Forum-17-1536x1023.jpg 1536w, https:\/\/forumrozwojumazowsza.pl\/wp-content\/uploads\/2023\/06\/8_Forum-17.jpg 2048w\" sizes=\"auto, (max-width: 1024px) 100vw, 1024px\" \/><\/figure>\n<\/figure>\n","protected":false},"excerpt":{"rendered":"","protected":false},"author":21,"featured_media":0,"parent":1516,"menu_order":2,"comment_status":"closed","ping_status":"closed","template":"","meta":{"_acf_changed":false,"ngg_post_thumbnail":0,"footnotes":""},"class_list":["post-15256","page","type-page","status-publish","hentry"],"acf":[],"_links":{"self":[{"href":"https:\/\/forumrozwojumazowsza.pl\/index.php\/wp-json\/wp\/v2\/pages\/15256","targetHints":{"allow":["GET"]}}],"collection":[{"href":"https:\/\/forumrozwojumazowsza.pl\/index.php\/wp-json\/wp\/v2\/pages"}],"about":[{"href":"https:\/\/forumrozwojumazowsza.pl\/index.php\/wp-json\/wp\/v2\/types\/page"}],"author":[{"embeddable":true,"href":"https:\/\/forumrozwojumazowsza.pl\/index.php\/wp-json\/wp\/v2\/users\/21"}],"replies":[{"embeddable":true,"href":"https:\/\/forumrozwojumazowsza.pl\/index.php\/wp-json\/wp\/v2\/comments?post=15256"}],"version-history":[{"count":3,"href":"https:\/\/forumrozwojumazowsza.pl\/index.php\/wp-json\/wp\/v2\/pages\/15256\/revisions"}],"predecessor-version":[{"id":15268,"href":"https:\/\/forumrozwojumazowsza.pl\/index.php\/wp-json\/wp\/v2\/pages\/15256\/revisions\/15268"}],"up":[{"embeddable":true,"href":"https:\/\/forumrozwojumazowsza.pl\/index.php\/wp-json\/wp\/v2\/pages\/1516"}],"wp:attachment":[{"href":"https:\/\/forumrozwojumazowsza.pl\/index.php\/wp-json\/wp\/v2\/media?parent=15256"}],"curies":[{"name":"wp","href":"https:\/\/api.w.org\/{rel}","templated":true}]}}