{"id":15027,"date":"2025-11-18T07:19:49","date_gmt":"2025-11-18T06:19:49","guid":{"rendered":"https:\/\/forumrozwojumazowsza.pl\/?page_id=15027"},"modified":"2025-12-01T12:36:35","modified_gmt":"2025-12-01T11:36:35","slug":"strona-glowna-2","status":"publish","type":"page","link":"https:\/\/forumrozwojumazowsza.pl\/","title":{"rendered":"Strona g\u0142\u00f3wna"},"content":{"rendered":"\n<div class=\"wp-block-froum-hero-banner home_baner15\"><img decoding=\"async\" src=\"https:\/\/forumrozwojumazowsza.pl\/wp-content\/uploads\/2025\/10\/560098245_1414610174005399_1070051329676774951_n-scaled.jpg\" alt=\"\" style=\"width:100%\"\/><\/div>\n\n\n\n<div class=\"wp-block-froum-home-news-block home__news\"><div class=\"container-fluid\"><ul class=\"row pt-4\"><li class=\"col col-lg-4 col-md-4 col-sm-12 col-12 aniImg fadeIn\"><div class=\"article-inner\"><div class=\"home__news\"><a href=\"https:\/\/forumrozwojumazowsza.pl\/wp-content\/uploads\/2025\/09\/mapka_parking_centrum_konferencyjne.pdf\" title=\"Mapa dojazdu na 15. Forum Rozwoju Mazowsza <br&gt; - Forum Funduszy Europejskich\" download><img decoding=\"async\" src=\"https:\/\/forumrozwojumazowsza.pl\/wp-content\/uploads\/2025\/10\/ad.png\" class=\"img-fluid\" alt=\"Mapa dojazdu na 15. Forum Rozwoju Mazowsza <br&gt; - Forum Funduszy Europejskich\"\/><\/a><\/div><div class=\"article-content text-center\"><h4><a href=\"https:\/\/forumrozwojumazowsza.pl\/wp-content\/uploads\/2025\/09\/mapka_parking_centrum_konferencyjne.pdf\" title=\"Mapa dojazdu na 15. Forum Rozwoju Mazowsza <br&gt; - Forum Funduszy Europejskich\" download>Mapa dojazdu na 15. Forum Rozwoju Mazowsza <br> &#8211; Forum Funduszy Europejskich<\/a><\/h4><\/div><\/div><\/li><li class=\"col col-lg-4 col-md-4 col-sm-12 col-12 aniImg fadeIn\"><div class=\"article-inner\"><div class=\"home__news\"><a href=\"https:\/\/forumrozwojumazowsza.pl\/wp-content\/uploads\/2025\/10\/ostantii-PLAN-FORUM-2025-3-10-bez-pinezki.pdf\" title=\"Plan przestrzeni 15. Forum Rozwoju Mazowsza <br&gt; w wersji PDF\" download><img decoding=\"async\" src=\"https:\/\/forumrozwojumazowsza.pl\/wp-content\/uploads\/2025\/10\/ostantii-PLAN-FORUM-2025-3-10-bez-pinezki_page-0001.jpg\" class=\"img-fluid\" alt=\"Plan przestrzeni 15. Forum Rozwoju Mazowsza <br&gt; w wersji PDF\"\/><\/a><\/div><div class=\"article-content text-center\"><h4><a href=\"https:\/\/forumrozwojumazowsza.pl\/wp-content\/uploads\/2025\/10\/ostantii-PLAN-FORUM-2025-3-10-bez-pinezki.pdf\" title=\"Plan przestrzeni 15. Forum Rozwoju Mazowsza <br&gt; w wersji PDF\" download>Plan przestrzeni 15. Forum Rozwoju Mazowsza <br> w wersji PDF<\/a><\/h4><\/div><\/div><\/li><li class=\"col col-lg-4 col-md-4 col-sm-12 col-12 aniImg fadeIn\"><div class=\"article-inner\"><div class=\"home__news\"><a href=\"https:\/\/forumrozwojumazowsza.pl\/dokumenty-do-pobrania\/\" title=\"Program 15. Forum Rozwoju Mazowsza w PDF <br&gt; Program warsztat\u00f3w w wersji PDF\" download><img decoding=\"async\" src=\"https:\/\/forumrozwojumazowsza.pl\/wp-content\/uploads\/2025\/10\/baner-pliki-1-scaled.jpg\" class=\"img-fluid\" alt=\"Program 15. Forum Rozwoju Mazowsza w PDF <br&gt; Program warsztat\u00f3w w wersji PDF\"\/><\/a><\/div><div class=\"article-content text-center\"><h4><a href=\"https:\/\/forumrozwojumazowsza.pl\/dokumenty-do-pobrania\/\" title=\"Program 15. Forum Rozwoju Mazowsza w PDF <br&gt; Program warsztat\u00f3w w wersji PDF\" download>Program 15. Forum Rozwoju Mazowsza w PDF <br> Program warsztat\u00f3w w wersji PDF<\/a><\/h4><\/div><\/div><\/li><\/ul><\/div><\/div>\n\n\n\n<div class=\"home__news\" class=\"wp-block-froum-homepage-news-posts\"><div class=\"container-fluid\"><div class=\"web-heading\"><h3 class=\"aniImg\">Aktualno\u015bci<\/h3><\/div>\n<ul class=\"row\">\n\n    \n    <li class=\"col col-lg-4 col-md-4 col-sm-12 col-12 aniImg\">\n        <div class=\"article-inner\">\n            <div class=\"home__news\">\n                <a href=\"https:\/\/forumrozwojumazowsza.pl\/index.php\/15-forum-rozwoju-mazowsza-o-tym-jak-fundusze-europejskie-dzialaja-w-praktyce\/\" title=\"15. Forum Rozwoju Mazowsza &#8211; o tym, jak fundusze europejskie dzia\u0142aj\u0105 w praktyce\">\n                   \t\t\t\t\t\t\t\n\t\t\t\t\t\t\t<img decoding=\"async\" src=\"https:\/\/forumrozwojumazowsza.pl\/wp-content\/uploads\/2025\/10\/baner-forum-1-1-620x260.jpg\" class=\"img-fluid\" alt=\"15. Forum Rozwoju Mazowsza &#8211; o tym, jak fundusze europejskie dzia\u0142aj\u0105 w praktyce\">\n\t\t\t\t\t\t\n\t\t\t\t\t\t                <\/a>\n            <\/div>\n\n            <div class=\"article-content\">\n                <h4>\n                    <a href=\"https:\/\/forumrozwojumazowsza.pl\/index.php\/15-forum-rozwoju-mazowsza-o-tym-jak-fundusze-europejskie-dzialaja-w-praktyce\/\" title=\"15. Forum Rozwoju Mazowsza &#8211; o tym, jak fundusze europejskie dzia\u0142aj\u0105 w praktyce\">\n                        15. Forum Rozwoju Mazowsza &#8211; o tym, jak fundusze europejskie dzia\u0142aj\u0105 w praktyce                    <\/a>\n                <\/h4>\n\n                <div class=\"post-meta-data\">\n                    <ul>\n\n                        <!-- DATE -->\n                        <li>\n                            <svg xmlns=\"http:\/\/www.w3.org\/2000\/svg\" height=\"1em\" viewBox=\"0 0 512 512\">\n                                <path d=\"M464 256A208 208 0 1 1 48 256a208 208 0 1 1 416 0zM0 256a256 256 0 1 0 512 0A256 256 0 1 0 0 256zM232 120V256c0 8 4 15.5 10.7 20l96 64c11 7.4 25.9 4.4 33.3-6.7s4.4-25.9-6.7-33.3L280 243.2V120c0-13.3-10.7-24-24-24s-24 10.7-24 24z\"\/>\n                            <\/svg>\n                            <span>2025-10-20<\/span>\n                        <\/li>\n\n                        <!-- CATEGORY -->\n                        <li>\n                            <svg xmlns=\"http:\/\/www.w3.org\/2000\/svg\" height=\"1em\" viewBox=\"0 0 448 512\">\n                                <path d=\"M288 64c0 17.7-14.3 32-32 32H32C14.3 96 0 81.7 0 64S14.3 32 32 32H256c17.7 0 32 14.3 32 32zm0 256c0 17.7-14.3 32-32 32H32c-17.7 0-32-14.3-32-32s14.3-32 32-32H256c17.7 0 32 14.3 32 32zM0 192c0-17.7 14.3-32 32-32H416c17.7 0 32 14.3 32 32s-14.3 32-32 32H32c-17.7 0-32-14.3-32-32zM448 448c0 17.7-14.3 32-32 32H32c-17.7 0-32-14.3-32-32s14.3-32 32-32H416c17.7 0 32 14.3 32 32z\"\/>\n                            <\/svg>\n\n                            <span>\n                                <a href=\"https:\/\/forumrozwojumazowsza.pl\/index.php\/category\/aktualnosci\/\">Aktualno\u015bci<\/a>                            <\/span>\n                        <\/li>\n\n                        <!-- COMMENTS -->\n                        <li>\n                            <svg xmlns=\"http:\/\/www.w3.org\/2000\/svg\" height=\"1em\" viewBox=\"0 0 640 512\">\n                                <path d=\"M88.2 309.1c9.8-18.3 6.8-40.8-7.5-55.8C59.4 230.9 48 204 48 176c0-63.5 63.8-128 160-128s160 64.5 160 128s-63.8 128-160 128c-13.1 0-25.8-1.3-37.8-3.6c-10.4-2-21.2-.6-30.7 4.2c-4.1 2.1-8.3 4.1-12.6 6c-16 7.2-32.9 13.5-49.9 18c2.8-4.6 5.4-9.1 7.9-13.6c1.1-1.9 2.2-3.9 3.2-5.9z\"\/>\n                            <\/svg>\n\n                            <span>\n                                No comments                            <\/span>\n                        <\/li>\n\n                    <\/ul>\n                <\/div>\n\n                <p><\/p>\n            <\/div>\n        <\/div>\n    <\/li>\n\n\n    \n    <li class=\"col col-lg-4 col-md-4 col-sm-12 col-12 aniImg\">\n        <div class=\"article-inner\">\n            <div class=\"home__news\">\n                <a href=\"https:\/\/forumrozwojumazowsza.pl\/index.php\/wystartowala-rejestracja-na-15-forum-rozwoju-mazowsza-forum-funduszy-europejskich\/\" title=\"Wystartowa\u0142a rejestracja na 15. Forum Rozwoju Mazowsza \u2013 Forum Funduszy Europejskich!\">\n                   \t\t\t\t\t\t\t\n\t\t\t\t\t\t\t<img decoding=\"async\" src=\"https:\/\/forumrozwojumazowsza.pl\/wp-content\/uploads\/2025\/09\/BANER-REJESTRACJA-01-01-620x260.jpg\" class=\"img-fluid\" alt=\"Wystartowa\u0142a rejestracja na 15. Forum Rozwoju Mazowsza \u2013 Forum Funduszy Europejskich!\">\n\t\t\t\t\t\t\n\t\t\t\t\t\t                <\/a>\n            <\/div>\n\n            <div class=\"article-content\">\n                <h4>\n                    <a href=\"https:\/\/forumrozwojumazowsza.pl\/index.php\/wystartowala-rejestracja-na-15-forum-rozwoju-mazowsza-forum-funduszy-europejskich\/\" title=\"Wystartowa\u0142a rejestracja na 15. Forum Rozwoju Mazowsza \u2013 Forum Funduszy Europejskich!\">\n                        Wystartowa\u0142a rejestracja na 15. Forum Rozwoju Mazowsza \u2013 Forum Funduszy Europejskich!                    <\/a>\n                <\/h4>\n\n                <div class=\"post-meta-data\">\n                    <ul>\n\n                        <!-- DATE -->\n                        <li>\n                            <svg xmlns=\"http:\/\/www.w3.org\/2000\/svg\" height=\"1em\" viewBox=\"0 0 512 512\">\n                                <path d=\"M464 256A208 208 0 1 1 48 256a208 208 0 1 1 416 0zM0 256a256 256 0 1 0 512 0A256 256 0 1 0 0 256zM232 120V256c0 8 4 15.5 10.7 20l96 64c11 7.4 25.9 4.4 33.3-6.7s4.4-25.9-6.7-33.3L280 243.2V120c0-13.3-10.7-24-24-24s-24 10.7-24 24z\"\/>\n                            <\/svg>\n                            <span>2025-9-17<\/span>\n                        <\/li>\n\n                        <!-- CATEGORY -->\n                        <li>\n                            <svg xmlns=\"http:\/\/www.w3.org\/2000\/svg\" height=\"1em\" viewBox=\"0 0 448 512\">\n                                <path d=\"M288 64c0 17.7-14.3 32-32 32H32C14.3 96 0 81.7 0 64S14.3 32 32 32H256c17.7 0 32 14.3 32 32zm0 256c0 17.7-14.3 32-32 32H32c-17.7 0-32-14.3-32-32s14.3-32 32-32H256c17.7 0 32 14.3 32 32zM0 192c0-17.7 14.3-32 32-32H416c17.7 0 32 14.3 32 32s-14.3 32-32 32H32c-17.7 0-32-14.3-32-32zM448 448c0 17.7-14.3 32-32 32H32c-17.7 0-32-14.3-32-32s14.3-32 32-32H416c17.7 0 32 14.3 32 32z\"\/>\n                            <\/svg>\n\n                            <span>\n                                <a href=\"https:\/\/forumrozwojumazowsza.pl\/index.php\/category\/aktualnosci\/\">Aktualno\u015bci<\/a>                            <\/span>\n                        <\/li>\n\n                        <!-- COMMENTS -->\n                        <li>\n                            <svg xmlns=\"http:\/\/www.w3.org\/2000\/svg\" height=\"1em\" viewBox=\"0 0 640 512\">\n                                <path d=\"M88.2 309.1c9.8-18.3 6.8-40.8-7.5-55.8C59.4 230.9 48 204 48 176c0-63.5 63.8-128 160-128s160 64.5 160 128s-63.8 128-160 128c-13.1 0-25.8-1.3-37.8-3.6c-10.4-2-21.2-.6-30.7 4.2c-4.1 2.1-8.3 4.1-12.6 6c-16 7.2-32.9 13.5-49.9 18c2.8-4.6 5.4-9.1 7.9-13.6c1.1-1.9 2.2-3.9 3.2-5.9z\"\/>\n                            <\/svg>\n\n                            <span>\n                                No comments                            <\/span>\n                        <\/li>\n\n                    <\/ul>\n                <\/div>\n\n                <p><\/p>\n            <\/div>\n        <\/div>\n    <\/li>\n\n\n    \n    <li class=\"col col-lg-4 col-md-4 col-sm-12 col-12 aniImg\">\n        <div class=\"article-inner\">\n            <div class=\"home__news\">\n                <a href=\"https:\/\/forumrozwojumazowsza.pl\/index.php\/ministerstwo-funduszy-i-polityki-regionalnej-dolacza-do-grona-patronow-15-forum-rozwoju-mazowsza\/\" title=\"Ministerstwo Funduszy i Polityki Regionalnej do\u0142\u0105cza do grona patron\u00f3w 15. Forum Rozwoju Mazowsza\">\n                   \t\t\t\t\t\t\t\n\t\t\t\t\t\t\t<img decoding=\"async\" src=\"https:\/\/forumrozwojumazowsza.pl\/wp-content\/uploads\/2025\/09\/Rozowy-i-Fioletowy-Sportowy-Gradient-Fitness-YouTube-Ekran-Poczatkowy-620x260.jpg\" class=\"img-fluid\" alt=\"Ministerstwo Funduszy i Polityki Regionalnej do\u0142\u0105cza do grona patron\u00f3w 15. Forum Rozwoju Mazowsza\">\n\t\t\t\t\t\t\n\t\t\t\t\t\t                <\/a>\n            <\/div>\n\n            <div class=\"article-content\">\n                <h4>\n                    <a href=\"https:\/\/forumrozwojumazowsza.pl\/index.php\/ministerstwo-funduszy-i-polityki-regionalnej-dolacza-do-grona-patronow-15-forum-rozwoju-mazowsza\/\" title=\"Ministerstwo Funduszy i Polityki Regionalnej do\u0142\u0105cza do grona patron\u00f3w 15. Forum Rozwoju Mazowsza\">\n                        Ministerstwo Funduszy i Polityki Regionalnej do\u0142\u0105cza do grona patron\u00f3w 15. Forum Rozwoju Mazowsza                    <\/a>\n                <\/h4>\n\n                <div class=\"post-meta-data\">\n                    <ul>\n\n                        <!-- DATE -->\n                        <li>\n                            <svg xmlns=\"http:\/\/www.w3.org\/2000\/svg\" height=\"1em\" viewBox=\"0 0 512 512\">\n                                <path d=\"M464 256A208 208 0 1 1 48 256a208 208 0 1 1 416 0zM0 256a256 256 0 1 0 512 0A256 256 0 1 0 0 256zM232 120V256c0 8 4 15.5 10.7 20l96 64c11 7.4 25.9 4.4 33.3-6.7s4.4-25.9-6.7-33.3L280 243.2V120c0-13.3-10.7-24-24-24s-24 10.7-24 24z\"\/>\n                            <\/svg>\n                            <span>2025-9-09<\/span>\n                        <\/li>\n\n                        <!-- CATEGORY -->\n                        <li>\n                            <svg xmlns=\"http:\/\/www.w3.org\/2000\/svg\" height=\"1em\" viewBox=\"0 0 448 512\">\n                                <path d=\"M288 64c0 17.7-14.3 32-32 32H32C14.3 96 0 81.7 0 64S14.3 32 32 32H256c17.7 0 32 14.3 32 32zm0 256c0 17.7-14.3 32-32 32H32c-17.7 0-32-14.3-32-32s14.3-32 32-32H256c17.7 0 32 14.3 32 32zM0 192c0-17.7 14.3-32 32-32H416c17.7 0 32 14.3 32 32s-14.3 32-32 32H32c-17.7 0-32-14.3-32-32zM448 448c0 17.7-14.3 32-32 32H32c-17.7 0-32-14.3-32-32s14.3-32 32-32H416c17.7 0 32 14.3 32 32z\"\/>\n                            <\/svg>\n\n                            <span>\n                                <a href=\"https:\/\/forumrozwojumazowsza.pl\/index.php\/category\/aktualnosci\/\">Aktualno\u015bci<\/a>                            <\/span>\n                        <\/li>\n\n                        <!-- COMMENTS -->\n                        <li>\n                            <svg xmlns=\"http:\/\/www.w3.org\/2000\/svg\" height=\"1em\" viewBox=\"0 0 640 512\">\n                                <path d=\"M88.2 309.1c9.8-18.3 6.8-40.8-7.5-55.8C59.4 230.9 48 204 48 176c0-63.5 63.8-128 160-128s160 64.5 160 128s-63.8 128-160 128c-13.1 0-25.8-1.3-37.8-3.6c-10.4-2-21.2-.6-30.7 4.2c-4.1 2.1-8.3 4.1-12.6 6c-16 7.2-32.9 13.5-49.9 18c2.8-4.6 5.4-9.1 7.9-13.6c1.1-1.9 2.2-3.9 3.2-5.9z\"\/>\n                            <\/svg>\n\n                            <span>\n                                No comments                            <\/span>\n                        <\/li>\n\n                    <\/ul>\n                <\/div>\n\n                <p><\/p>\n            <\/div>\n        <\/div>\n    <\/li>\n\n<\/ul>\n\n<div class=\"txt-center\"><a href=\"https:\/\/forumrozwojumazowsza.pl\/11-forum-rozwoju-mazowsza\/aktualnosci\/\" title=\"Zobacz wi\u0119cej\" class=\"more__btn aniImg\"> Zobacz wi\u0119cej<\/a><\/div><\/div><\/div>\n\n\n\n<figure class=\"wp-block-image size-full is-style-default\"><img loading=\"lazy\" decoding=\"async\" width=\"2560\" height=\"270\" src=\"https:\/\/forumrozwojumazowsza.pl\/wp-content\/uploads\/2025\/11\/zlote-figurki-07-1-scaled.png\" alt=\"\" class=\"wp-image-15040\" style=\"object-fit:cover\" srcset=\"https:\/\/forumrozwojumazowsza.pl\/wp-content\/uploads\/2025\/11\/zlote-figurki-07-1-scaled.png 2560w, https:\/\/forumrozwojumazowsza.pl\/wp-content\/uploads\/2025\/11\/zlote-figurki-07-1-300x32.png 300w, https:\/\/forumrozwojumazowsza.pl\/wp-content\/uploads\/2025\/11\/zlote-figurki-07-1-1024x108.png 1024w, https:\/\/forumrozwojumazowsza.pl\/wp-content\/uploads\/2025\/11\/zlote-figurki-07-1-768x81.png 768w, https:\/\/forumrozwojumazowsza.pl\/wp-content\/uploads\/2025\/11\/zlote-figurki-07-1-1536x162.png 1536w, https:\/\/forumrozwojumazowsza.pl\/wp-content\/uploads\/2025\/11\/zlote-figurki-07-1-2048x216.png 2048w\" sizes=\"auto, (max-width: 2560px) 100vw, 2560px\" \/><\/figure>\n\n\n\n<div class=\"wp-block-froum-home-partners-block home__partners\"><div class=\"container\"><div class=\"row\"><div class=\"col-12\"><div class=\"web-heading\"><h3 class=\"aniImg fadeIn\">Organizator<\/h3><\/div><div class=\"organizator\"><ul class=\"row\"><li class=\"col aniImg fadeIn\"><a href=\"#g\"><img decoding=\"async\" src=\"https:\/\/forumrozwojumazowsza.pl\/wp-content\/uploads\/2021\/06\/img-logo-jednostka-min-e1686776735588.png\" class=\"img-fluid\" alt=\"Mazowiecka Jednostka Wdra\u017cania Program\u00f3w Unijnych\"\/><\/a><\/li><\/ul><\/div><\/div><div class=\"col-12 mt-5 medialni\"><div class=\"web-heading\"><h3 class=\"aniImg fadeIn\">Patronat honorowy<\/h3><\/div><div class=\"patronat\"><div class=\"row flex-wrap d-flex align-items-center justify-content-center\"><div class=\"col-md-3  col-6  aniImg fadeIn\"><a href=\"https:\/\/mazovia.pl\/pl\/urzad_marszalkowski\/urzad-marszalkowski-wojewodztwa-mazowieckiego-w-warszawie.html\" target=\"_blank\" rel=\"noopener\"><img decoding=\"async\" src=\"https:\/\/forumrozwojumazowsza.pl\/wp-content\/uploads\/2023\/10\/LOGO-MWM-1.png\" class=\"img-fluid\" alt=\"\"\/><\/a><\/div><div class=\"col-md-3  col-6  aniImg fadeIn\"><a href=\"https:\/\/cor.europa.eu\/pl\" target=\"_blank\" rel=\"noopener\"><img decoding=\"async\" src=\"https:\/\/forumrozwojumazowsza.pl\/wp-content\/uploads\/2023\/10\/logo_CoR-vertical-positive-pl-quadri_HR-1.jpg\" class=\"img-fluid\" alt=\"\"\/><\/a><\/div><div class=\"col-md-3  col-6  aniImg fadeIn\"><a href=\"https:\/\/poland.representation.ec.europa.eu\/index_pl\" target=\"_blank\" rel=\"noopener\"><img decoding=\"async\" src=\"https:\/\/forumrozwojumazowsza.pl\/wp-content\/uploads\/2025\/05\/LOGO_CE_PL_CMYK_HORIZONTAL_POS.jpg\" class=\"img-fluid\" alt=\"logo Komisji Europejskiej\"\/><\/a><\/div><div class=\"col-md-3  col-6  aniImg fadeIn\"><a href=\"https:\/\/www.gov.pl\/web\/fundusze-regiony\" target=\"_blank\" rel=\"noopener\"><img decoding=\"async\" src=\"https:\/\/forumrozwojumazowsza.pl\/wp-content\/uploads\/2025\/09\/Min.png\" class=\"img-fluid\" alt=\"Logo Ministerstwa Funduszy i Polityki regionalnej\"\/><\/a><\/div><\/div><\/div><\/div><div class=\"col-12 mt-5 medialni\"><div class=\"web-heading\"><h3 class=\"aniImg fadeIn\">Patroni medialni<\/h3><\/div><div class=\"patronat\"><div class=\"row flex-wrap d-flex align-items-center justify-content-center\"><div class=\"col-md-2  col-6  aniImg fadeIn\"><a href=\"https:\/\/samorzad.pap.pl\/\" target=\"_blank\" rel=\"noopener\"><img decoding=\"async\" src=\"https:\/\/forumrozwojumazowsza.pl\/wp-content\/uploads\/2025\/08\/Serwis_Samorzadowy_cmyk.jpg\" class=\"img-fluid\" alt=\"logo Serwis Samorzadowy PAP\"\/><\/a><\/div><div class=\"col-md-2  col-6  aniImg fadeIn\"><a href=\"https:\/\/www.cozadzien.pl\/\" target=\"_blank\" rel=\"noopener\"><img decoding=\"async\" src=\"https:\/\/forumrozwojumazowsza.pl\/wp-content\/uploads\/2025\/06\/CZD-105.png\" class=\"img-fluid\" alt=\"logo dziennik co za dzie\u0144\"\/><\/a><\/div><div class=\"col-md-2  col-6  aniImg fadeIn\"><a href=\"https:\/\/dami24.pl\/\" target=\"_blank\" rel=\"noopener\"><img decoding=\"async\" src=\"https:\/\/forumrozwojumazowsza.pl\/wp-content\/uploads\/2025\/06\/DAMI-74.png\" class=\"img-fluid\" alt=\"logo Dami\"\/><\/a><\/div><div class=\"col-md-2  col-6  aniImg fadeIn\"><a href=\"https:\/\/wartowiedziec.pl\/\" target=\"_blank\" rel=\"noopener\"><img decoding=\"async\" src=\"https:\/\/forumrozwojumazowsza.pl\/wp-content\/uploads\/2025\/06\/DWW_logo_max.jpg\" class=\"img-fluid\" alt=\"logo Dziennik Warto Wiedzie\u0107\"\/><\/a><\/div><div class=\"col-md-2  col-6  aniImg fadeIn\"><a href=\"https:\/\/goniec.pl\/\" target=\"_blank\" rel=\"noopener\"><img decoding=\"async\" src=\"https:\/\/forumrozwojumazowsza.pl\/wp-content\/uploads\/2025\/06\/Goniec_Logo_RGB_Color.jpg\" class=\"img-fluid\" alt=\"logo Goniec\"\/><\/a><\/div><div class=\"col-md-2  col-6  aniImg fadeIn\"><a href=\"https:\/\/iotwock.info\/\" target=\"_blank\" rel=\"noopener\"><img decoding=\"async\" src=\"https:\/\/forumrozwojumazowsza.pl\/wp-content\/uploads\/2025\/06\/iotwock.info-logo.png\" class=\"img-fluid\" alt=\"logo iOtwock\"\/><\/a><\/div><div class=\"col-md-2  col-6  aniImg fadeIn\"><a href=\"https:\/\/petronews.pl\/pl\/\" target=\"_blank\" rel=\"noopener\"><img decoding=\"async\" src=\"https:\/\/forumrozwojumazowsza.pl\/wp-content\/uploads\/2025\/06\/Logo_kolor7-1.png\" class=\"img-fluid\" alt=\"logo Petro News\"\/><\/a><\/div><div class=\"col-md-2  col-6  aniImg fadeIn\"><a href=\"https:\/\/www.radiorekord.pl\/\" target=\"_blank\" rel=\"noopener\"><img decoding=\"async\" src=\"https:\/\/forumrozwojumazowsza.pl\/wp-content\/uploads\/2025\/06\/REKORD_RGB-67.png\" class=\"img-fluid\" alt=\"logo radio Rekord\"\/><\/a><\/div><div class=\"col-md-2  col-6  aniImg fadeIn\"><a href=\"https:\/\/7dni.com.pl\/\" target=\"_blank\" rel=\"noopener\"><img decoding=\"async\" src=\"https:\/\/forumrozwojumazowsza.pl\/wp-content\/uploads\/2025\/06\/7DNI-74.png\" class=\"img-fluid\" alt=\"Logo 7 Dni\"\/><\/a><\/div><div class=\"col-md-2  col-6  aniImg fadeIn\"><a href=\"https:\/\/radiokampus.fm\/\" target=\"_blank\" rel=\"noopener\"><img decoding=\"async\" src=\"https:\/\/forumrozwojumazowsza.pl\/wp-content\/uploads\/2025\/06\/banner_kampus.png\" class=\"img-fluid\" alt=\"Logo Radio Kampus\"\/><\/a><\/div><div class=\"col-md-2  col-6  aniImg fadeIn\"><a href=\"https:\/\/www.tvciechanow.pl\/\" target=\"_blank\" rel=\"noopener\"><img decoding=\"async\" src=\"https:\/\/forumrozwojumazowsza.pl\/wp-content\/uploads\/2025\/06\/ciechanow.png\" class=\"img-fluid\" alt=\"logo TV Ciechan\u00f3w\"\/><\/a><\/div><div class=\"col-md-2  col-6  aniImg fadeIn\"><a href=\"https:\/\/rb.waw.pl\/\" target=\"_blank\" rel=\"noopener\"><img decoding=\"async\" src=\"https:\/\/forumrozwojumazowsza.pl\/wp-content\/uploads\/2025\/06\/RB-logotyp.png\" class=\"img-fluid\" alt=\"Logo Rember\u00f3w Bezpo\u015brednio\"\/><\/a><\/div><div class=\"col-md-2  col-6  aniImg fadeIn\"><a href=\"https:\/\/www.przegladregionalny.pl\/\" target=\"_blank\" rel=\"noopener\"><img decoding=\"async\" src=\"https:\/\/forumrozwojumazowsza.pl\/wp-content\/uploads\/2025\/06\/red_png_300_454.png\" class=\"img-fluid\" alt=\"logo Przegl\u0105d Sieci lokalnych tygodnik\u00f3w\"\/><\/a><\/div><div class=\"col-md-2  col-6  aniImg fadeIn\"><a href=\"https:\/\/pulsciechanowa.pl\/pl\/\" target=\"_blank\" rel=\"noopener\"><img decoding=\"async\" src=\"https:\/\/forumrozwojumazowsza.pl\/wp-content\/uploads\/2025\/08\/Puls-Ciechanowa.jpg\" class=\"img-fluid\" alt=\"logo Puls Magazyn Opinii Ziemi Ciehanowskiej\"\/><\/a><\/div><div class=\"col-md-2  col-6  aniImg fadeIn\"><a href=\"https:\/\/zyciezyrardowa.pl\/pl\/\" target=\"_blank\" rel=\"noopener\"><img decoding=\"async\" src=\"https:\/\/forumrozwojumazowsza.pl\/wp-content\/uploads\/2025\/08\/ZZ.png\" class=\"img-fluid\" alt=\"logo \u017bycie \u017byrardowa\"\/><\/a><\/div><\/div><\/div><\/div><\/div><\/div><\/div>\n","protected":false},"excerpt":{"rendered":"","protected":false},"author":21,"featured_media":0,"parent":0,"menu_order":12,"comment_status":"closed","ping_status":"closed","template":"index.php","meta":{"_acf_changed":false,"ngg_post_thumbnail":0,"footnotes":""},"class_list":["post-15027","page","type-page","status-publish","hentry"],"acf":[],"_links":{"self":[{"href":"https:\/\/forumrozwojumazowsza.pl\/index.php\/wp-json\/wp\/v2\/pages\/15027","targetHints":{"allow":["GET"]}}],"collection":[{"href":"https:\/\/forumrozwojumazowsza.pl\/index.php\/wp-json\/wp\/v2\/pages"}],"about":[{"href":"https:\/\/forumrozwojumazowsza.pl\/index.php\/wp-json\/wp\/v2\/types\/page"}],"author":[{"embeddable":true,"href":"https:\/\/forumrozwojumazowsza.pl\/index.php\/wp-json\/wp\/v2\/users\/21"}],"replies":[{"embeddable":true,"href":"https:\/\/forumrozwojumazowsza.pl\/index.php\/wp-json\/wp\/v2\/comments?post=15027"}],"version-history":[{"count":17,"href":"https:\/\/forumrozwojumazowsza.pl\/index.php\/wp-json\/wp\/v2\/pages\/15027\/revisions"}],"predecessor-version":[{"id":15399,"href":"https:\/\/forumrozwojumazowsza.pl\/index.php\/wp-json\/wp\/v2\/pages\/15027\/revisions\/15399"}],"wp:attachment":[{"href":"https:\/\/forumrozwojumazowsza.pl\/index.php\/wp-json\/wp\/v2\/media?parent=15027"}],"curies":[{"name":"wp","href":"https:\/\/api.w.org\/{rel}","templated":true}]}}