{"id":14110,"date":"2025-09-17T12:25:44","date_gmt":"2025-09-17T10:25:44","guid":{"rendered":"https:\/\/forumrozwojumazowsza.pl\/?page_id=14110"},"modified":"2025-11-19T15:19:11","modified_gmt":"2025-11-19T14:19:11","slug":"program-warsztatow-15-forum-rozwoju-mazowsza","status":"publish","type":"page","link":"https:\/\/forumrozwojumazowsza.pl\/index.php\/program-warsztatow-15-forum-rozwoju-mazowsza\/","title":{"rendered":"Program Warsztat\u00f3w 15. Forum Rozwoju Mazowsza"},"content":{"rendered":"\n<div style=\"height:65px\" aria-hidden=\"true\" class=\"wp-block-spacer\"><\/div>\n\n\n<p style=\"text-align: center;\"><a href=\"https:\/\/forumrozwojumazowsza.pl\/wp-content\/uploads\/2025\/10\/Program-warsztatow-15.-Forum.pdf\"><strong><span style=\"font-size: 22px; color: #11003f;\">Program warsztat\u00f3w 15. Forum Rozwoju Mazowsza <\/span><span style=\"font-size: 22px; color: #b6599f;\">do pobrania<\/span><span style=\"font-size: 22px; color: #11003f;\"> w formacie PDF<\/span><\/strong><\/a><\/p>\n\n\n<div class=\"wp-block-froum-events-single-block news--single\"><div class=\"container\"><div class=\"row\"><div class=\"col-md-12 the-event-days-container\"><div class=\"section-heading\"><h3>Przestrze\u0144 Warsztatowa<\/h3><\/div><div class=\"section-inner-fields\"><div class=\"sectoin-field\"><div class=\"field-time\"><span style=\"color: #b761a2\"><b>9:00 &#8211; 15:00 <\/b><\/span><\/div><div class=\"field-label\"><h5><span style=\"color: #b761a2\"><b>Sala nr.3 Badania s\u0142uchu &#8211; \u015awiatowe Centrum S\u0142uchu Instytut Fizjologii i Patologii S\u0142uchu<\/b><\/span><\/h5><\/div><\/div><div class=\"row border-bottom \"><div class=\"col-md-12 first-stage-content\"><div class=\"section-small-label\">SALA NR 1<\/div><div class=\"sectoin-field\"><div class=\"field-time\">9:30 &#8211; 11:30<\/div><div class=\"field-label\"><h5><span>Spotkanie Interesariuszy projektu LANDSHIFT w ramach programu \u201eHoryzont Europa\u201d<\/span><\/h5><span><ul>\n<li><a href=\"..\/partnerzy\/urzad-marszalkowski-wojewodztwa-mazowieckiego\/\">Urz\u0105d Marsza\u0142kowski Wojew&oacute;dztwa Mazowieckiego, Departament Cyfryzacji, Geodezji i Kartografii<\/a><\/li>\n<\/ul><\/span><\/div><\/div><div class=\"sectoin-field\"><div class=\"field-time\">11:40 &#8211; 12:40<\/div><div class=\"field-label\"><h5><span>Rozw\u00f3j zawodowy nauczycieli z programem eTwinning<\/span><\/h5><span><ul>\n<li><a href=\"..\/partnerzy\/fundacja-rozwoju-systemu-edukacji-2\/\">Fundacja Rozwoju Systemu Edukacji<\/a><\/li>\n<li><a href=\"https:\/\/www.webankieta.pl\/ankieta\/1578486\/warsztat-etwinning-podczas-forum-rozwoju-mazowsza.html\" target=\"_blank\" rel=\"noopener\">Zarejestruj si\u0119 na warsztat (rejestracja na 15. Forum Rozwoju Mazowsza wymagana)<\/a><\/li>\n<\/ul><\/span><\/div><\/div><div class=\"sectoin-field\"><div class=\"field-time\">12:50 &#8211; 13:50<\/div><div class=\"field-label\"><h5><span>Oznaczenia geograficzne na produkty rzemie\u015blnicze i przemys\u0142owe \u2013 szanse i wyzwania<\/span><\/h5><span><ul>\n<li><a href=\"..\/partnerzy\/urzad-patentowy-rp-2\/\">Urz\u0105d Patentowy<\/a><\/li>\n<\/ul><\/span><\/div><\/div><div class=\"sectoin-field\"><div class=\"field-time\">14:00 -15:00<\/div><div class=\"field-label\"><h5><span>Odkrywamy tajemnice zielonych zam\u00f3wie\u0144 publicznych<\/span><\/h5><span><ul>\n<li><a href=\"..\/partnerzy\/agencja-rozwoju-mazowsza-s-a-2\/\">Agencja Rozwoju Mazowsza<\/a><\/li>\n<\/ul><\/span><\/div><\/div><\/div><div class=\"col-md-12 second-stage-content\" style=\"margin-top:12px\"><div class=\"section-small-label\">SALA NR 2<\/div><div class=\"sectoin-field\"><div class=\"field-time\">9:30 &#8211; 11:00<\/div><div class=\"field-label\"><h5><span>Tworzenie innowacji dotycz\u0105cych istotnych problem\u00f3w spo\u0142ecznych<\/span><\/h5><span><ul>\n<li><a href=\"..\/partnerzy\/fundacja-inicjatyw-spoleczno-ekonomicznych\/\">Fundacja Inicjatyw Spo\u0142eczno Ekonomicznych<\/a><\/li>\n<\/ul><\/span><\/div><\/div><div class=\"sectoin-field\"><div class=\"field-time\">11:10 &#8211; 11:50<\/div><div class=\"field-label\"><h5><span>Demo szkolenie \u201eAI w pracy \u2013 zyskaj nawet 4 godziny tygodniowo\u201d<\/span><\/h5><span><ul>\n<li><a href=\"..\/partnerzy\/future-collars\/\">Future Collars<\/a><\/li>\n<\/ul><\/span><\/div><\/div><div class=\"sectoin-field\"><div class=\"field-time\">12:00 &#8211; 12:45<\/div><div class=\"field-label\"><h5><span>Mieszkanie jako prawo &#8211; Debata<\/span><\/h5><span><ul>\n<li><a href=\"..\/partnerzy\/fundacja-najpierw-mieszkanie\/\">Fundacja Najpierw Mieszkanie<\/a><\/li>\n<\/ul><\/span><\/div><\/div><div class=\"sectoin-field\"><div class=\"field-time\">13:00 &#8211; 14:00<\/div><div class=\"field-label\"><h5><span>Jak m\u0105drze i bezpiecznie wykorzysta\u0107 wolontariat w praktyce? EPALE<\/span><\/h5><span><ul>\n<li><a href=\"..\/partnerzy\/fundacja-rozwoju-systemu-edukacji-2\/\">Fundacja Rozwoju Systemu Edukacji<\/a><\/li>\n<li><a href=\"https:\/\/www.webankieta.pl\/ankieta\/1578708\/warsztat-epale-podczas-forum-rozwoju-mazowsza.html\" target=\"_blank\" rel=\"noopener\">Zarejestruj si\u0119 na warsztat (rejestracja na 15. Forum Rozwoju Mazowsza wymagana)<\/a><\/li>\n<\/ul><\/span><\/div><\/div><div class=\"sectoin-field\"><div class=\"field-time\">14:10 &#8211; 15:10<\/div><div class=\"field-label\"><h5><span>Zabezpieczaj\u0105c dzi\u015b i jutro: technologie dronowe oraz znaczenie partnerstwa polsko-ukrai\u0144skiego dla ochrony infrastruktury krytycznej<\/span><\/h5><span><ul>\n<li><a href=\"..\/partnerzy\/fundacja-fundusz-wspolpracy-2\/\">Fundacja Fundusz Wsp&oacute;\u0142pracy<\/a><\/li>\n<\/ul><\/span><\/div><\/div><div class=\"sectoin-field\"><div class=\"field-time\">15:20-16:20<\/div><div class=\"field-label\"><h5><span>Long Table: Us\u0142ugi spo\u0142eczne na Mazowszu \u2013 biznes, kara, polityczna fikcja?<\/span><\/h5><span><ul>\n<li><a href=\"..\/partnerzy\/fundacja-fundusz-wspolpracy-2\/\">Fundacja Fundusz Wsp&oacute;\u0142pracy<\/a><\/li>\n<\/ul><\/span><\/div><\/div><\/div><\/div><\/div><\/div><\/div><\/div><\/div>\n","protected":false},"excerpt":{"rendered":"<p>Program warsztat\u00f3w 15. Forum Rozwoju Mazowsza do pobrania w formacie PDF<\/p>\n","protected":false},"author":12,"featured_media":0,"parent":0,"menu_order":41,"comment_status":"closed","ping_status":"closed","template":"index.php","meta":{"_acf_changed":false,"ngg_post_thumbnail":0,"footnotes":""},"class_list":["post-14110","page","type-page","status-publish","hentry"],"acf":[],"_links":{"self":[{"href":"https:\/\/forumrozwojumazowsza.pl\/index.php\/wp-json\/wp\/v2\/pages\/14110","targetHints":{"allow":["GET"]}}],"collection":[{"href":"https:\/\/forumrozwojumazowsza.pl\/index.php\/wp-json\/wp\/v2\/pages"}],"about":[{"href":"https:\/\/forumrozwojumazowsza.pl\/index.php\/wp-json\/wp\/v2\/types\/page"}],"author":[{"embeddable":true,"href":"https:\/\/forumrozwojumazowsza.pl\/index.php\/wp-json\/wp\/v2\/users\/12"}],"replies":[{"embeddable":true,"href":"https:\/\/forumrozwojumazowsza.pl\/index.php\/wp-json\/wp\/v2\/comments?post=14110"}],"version-history":[{"count":25,"href":"https:\/\/forumrozwojumazowsza.pl\/index.php\/wp-json\/wp\/v2\/pages\/14110\/revisions"}],"predecessor-version":[{"id":15342,"href":"https:\/\/forumrozwojumazowsza.pl\/index.php\/wp-json\/wp\/v2\/pages\/14110\/revisions\/15342"}],"wp:attachment":[{"href":"https:\/\/forumrozwojumazowsza.pl\/index.php\/wp-json\/wp\/v2\/media?parent=14110"}],"curies":[{"name":"wp","href":"https:\/\/api.w.org\/{rel}","templated":true}]}}